{"id":3,"date":"2025-08-20T11:37:42","date_gmt":"2025-08-20T11:37:42","guid":{"rendered":"http:\/\/www.skarbyduchowe.org\/?page_id=3"},"modified":"2025-09-06T21:24:47","modified_gmt":"2025-09-06T21:24:47","slug":"privacy-policy","status":"publish","type":"page","link":"https:\/\/www.skarbyduchowe.org\/index.php\/privacy-policy\/","title":{"rendered":"Nie gromad\u017acie sobie skarb\u00f3w na ziemi, gdzie m\u00f3l i rdza niszcz\u0105 i gdzie z\u0142odzieje w\u0142amuj\u0105 si\u0119 i kradn\u0105, gromad\u017acie natomiast sobie skarby w niebie, gdzie ani m\u00f3l, ani rdza nie niszcz\u0105 i gdzie z\u0142odzieje nie w\u0142amuj\u0105 si\u0119 i nie kradn\u0105. Gdzie bowiem jest tw\u00f3j skarb, tam b\u0119dzie i twoje serce (Ewangelie Mateusza 6:19-21.)"},"content":{"rendered":"\n<p><\/p>\n\n\n\n<h2 class=\"wp-block-heading\"><strong>Wsp\u00f3lnota w Opolu Lubelskim<\/strong><\/h2>\n\n\n\n<p>Jeste\u015bmy jedn\u0105 z wielu wsp\u00f3lnot ludzi, kt\u00f3rych \u0142\u0105czy wiara w Jezusa Chrystusa.<\/p>\n\n\n\n<p>Spotykamy si\u0119 regularnie i jeste\u015bmy wdzi\u0119czni Bogu za t\u0119 mo\u017cliwo\u015b\u0107.<\/p>\n\n\n\n<p>Podczas naszych spotka\u0144 uwielbiamy Boga, modlimy si\u0119, studiujemy S\u0142owo Bo\u017ce, aby \u017cy\u0107 i dzia\u0142a\u0107 zgodnie z Jego zasadami.<\/p>\n\n\n\n<p>Staramy si\u0119 poznawa\u0107 i wype\u0142nia\u0107 Bo\u017c\u0105 wol\u0119 tam, gdzie jeste\u015bmy. Dbamy o zdrowe relacje i wspieramy ka\u017cdego cz\u0142onka wsp\u00f3lnoty. Wsp\u00f3\u0142pracujemy tak\u017ce z innymi wsp\u00f3lnotami.<\/p>\n\n\n\n<p>Jako wsp\u00f3lnota wierz\u0105cych w Jezusa Chrystusa mamy obowi\u0105zek wype\u0142nia\u0107 Bo\u017ce Przekazanie \u2013 g\u0142osi\u0107 Ewangeli\u0119 oraz czyni\u0107 uczni\u00f3w Jezusa Chrystusa.<\/p>\n\n\n\n<h2 class=\"wp-block-heading\">Zapraszamy do wsp\u00f3\u0142pracy!<\/h2>\n\n\n\n<p>Prosimy, daj zna\u0107, je\u015bli uwa\u017casz, \u017ce to, co robimy, powinno sta\u0107 si\u0119 cz\u0119\u015bci\u0105 Twojego \u017cycia \u2014 w Twojej miejscowo\u015bci lub spo\u0142eczno\u015bci, w kt\u00f3rej jeste\u015b. Z naszej strony pragniemy dzieli\u0107 si\u0119 duchowymi skarbami ze wszystkimi, kt\u00f3rzy s\u0105 spragnieni i poszukuj\u0105 prawdy. Potrzebujemy r\u00f3wnie\u017c wsp\u00f3\u0142pracy w pog\u0142\u0119bianiu poznania prawdy Bo\u017cej. Wszystkim, co otrzymujemy od Boga, chcemy s\u0142u\u017cy\u0107 innym, aby Kr\u00f3lestwo Bo\u017ce stawa\u0142o si\u0119 bli\u017csze ka\u017cdemu.<\/p>\n\n\n\n<p><\/p>\n","protected":false},"excerpt":{"rendered":"<p>Wsp\u00f3lnota w Opolu Lubelskim Jeste\u015bmy jedn\u0105 z wielu wsp\u00f3lnot ludzi, kt\u00f3rych \u0142\u0105czy wiara w Jezusa Chrystusa. Spotykamy si\u0119 regularnie i jeste\u015bmy wdzi\u0119czni Bogu za t\u0119 mo\u017cliwo\u015b\u0107. Podczas naszych spotka\u0144 uwielbiamy Boga, modlimy si\u0119, studiujemy S\u0142owo Bo\u017ce, aby \u017cy\u0107 i dzia\u0142a\u0107 zgodnie z Jego zasadami. Staramy si\u0119 poznawa\u0107 i wype\u0142nia\u0107 Bo\u017c\u0105 wol\u0119 tam, gdzie jeste\u015bmy. Dbamy [&hellip;]<\/p>\n","protected":false},"author":1,"featured_media":15,"parent":0,"menu_order":0,"comment_status":"closed","ping_status":"open","template":"","meta":{"footnotes":""},"class_list":["post-3","page","type-page","status-publish","has-post-thumbnail","hentry"],"_links":{"self":[{"href":"https:\/\/www.skarbyduchowe.org\/index.php\/wp-json\/wp\/v2\/pages\/3","targetHints":{"allow":["GET"]}}],"collection":[{"href":"https:\/\/www.skarbyduchowe.org\/index.php\/wp-json\/wp\/v2\/pages"}],"about":[{"href":"https:\/\/www.skarbyduchowe.org\/index.php\/wp-json\/wp\/v2\/types\/page"}],"author":[{"embeddable":true,"href":"https:\/\/www.skarbyduchowe.org\/index.php\/wp-json\/wp\/v2\/users\/1"}],"replies":[{"embeddable":true,"href":"https:\/\/www.skarbyduchowe.org\/index.php\/wp-json\/wp\/v2\/comments?post=3"}],"version-history":[{"count":13,"href":"https:\/\/www.skarbyduchowe.org\/index.php\/wp-json\/wp\/v2\/pages\/3\/revisions"}],"predecessor-version":[{"id":184,"href":"https:\/\/www.skarbyduchowe.org\/index.php\/wp-json\/wp\/v2\/pages\/3\/revisions\/184"}],"wp:featuredmedia":[{"embeddable":true,"href":"https:\/\/www.skarbyduchowe.org\/index.php\/wp-json\/wp\/v2\/media\/15"}],"wp:attachment":[{"href":"https:\/\/www.skarbyduchowe.org\/index.php\/wp-json\/wp\/v2\/media?parent=3"}],"curies":[{"name":"wp","href":"https:\/\/api.w.org\/{rel}","templated":true}]}}