{"id":185,"date":"2025-09-06T21:42:58","date_gmt":"2025-09-06T21:42:58","guid":{"rendered":"https:\/\/www.skarbyduchowe.org\/?page_id=185"},"modified":"2026-02-07T23:30:10","modified_gmt":"2026-02-07T22:30:10","slug":"czytanie-tory","status":"publish","type":"page","link":"https:\/\/www.skarbyduchowe.org\/index.php\/czytanie-tory\/","title":{"rendered":"Czytanie Tory"},"content":{"rendered":"\n<div data-wp-interactive=\"core\/file\" class=\"wp-block-file\"><object data-wp-bind--hidden=\"!state.hasPdfPreview\" hidden class=\"wp-block-file__embed\" data=\"https:\/\/www.skarbyduchowe.org\/wp-content\/uploads\/2026\/02\/\u05d1\u05e8\u05d0\u05e9\u05d9\u05ea.pdf\" type=\"application\/pdf\" style=\"width:100%;height:600px\" aria-label=\"Osadzone z \u05d1\u05e8\u05d0\u05e9\u05d9\u05ea.\"><\/object><a id=\"wp-block-file--media-9ce38be7-6e29-48b3-8ac2-b562bb0ef3e0\" href=\"https:\/\/www.skarbyduchowe.org\/wp-content\/uploads\/2026\/02\/\u05d1\u05e8\u05d0\u05e9\u05d9\u05ea.pdf\">\u05d1\u05e8\u05d0\u05e9\u05d9\u05ea<\/a><a href=\"https:\/\/www.skarbyduchowe.org\/wp-content\/uploads\/2026\/02\/\u05d1\u05e8\u05d0\u05e9\u05d9\u05ea.pdf\" class=\"wp-block-file__button wp-element-button\" download aria-describedby=\"wp-block-file--media-9ce38be7-6e29-48b3-8ac2-b562bb0ef3e0\">Pobierz<\/a><\/div>\n\n\n\n<div data-wp-interactive=\"core\/file\" class=\"wp-block-file\"><object data-wp-bind--hidden=\"!state.hasPdfPreview\" hidden class=\"wp-block-file__embed\" data=\"https:\/\/www.skarbyduchowe.org\/wp-content\/uploads\/2026\/02\/\u05e9\u05de\u05d5\u05ea.pdf\" type=\"application\/pdf\" style=\"width:100%;height:600px\" aria-label=\"Osadzone z \u05e9\u05de\u05d5\u05ea.\"><\/object><a id=\"wp-block-file--media-b51eca67-a8f4-49fe-ab6f-93dcc1b65657\" href=\"https:\/\/www.skarbyduchowe.org\/wp-content\/uploads\/2026\/02\/\u05e9\u05de\u05d5\u05ea.pdf\">\u05e9\u05de\u05d5\u05ea<\/a><a href=\"https:\/\/www.skarbyduchowe.org\/wp-content\/uploads\/2026\/02\/\u05e9\u05de\u05d5\u05ea.pdf\" class=\"wp-block-file__button wp-element-button\" download aria-describedby=\"wp-block-file--media-b51eca67-a8f4-49fe-ab6f-93dcc1b65657\">Pobierz<\/a><\/div>\n\n\n<ul class=\"wp-block-latest-posts__list is-grid columns-3 wp-block-latest-posts\"><li><a class=\"wp-block-latest-posts__post-title\" href=\"https:\/\/www.skarbyduchowe.org\/index.php\/2025\/10\/14\/tygodniowy-rozdzial-54-wezot-habracha-i-oto-blogoslawienstwo\/\">Tygodniowy rozdzia\u0142 #54 Wezot Habracha (I oto b\u0142ogos\u0142awie\u0144stwo)<\/a><\/li>\n<li><a class=\"wp-block-latest-posts__post-title\" href=\"https:\/\/www.skarbyduchowe.org\/index.php\/2025\/10\/13\/szmini-aceret-8-dzien-sukkot-swieto-simchat-tora-radosc-tory\/\">Szmini Aceret (8. dzie\u0144 Sukkot) \/ \u015awi\u0119to Simchat Tora (Rado\u015b\u0107 Tory)<\/a><\/li>\n<li><a class=\"wp-block-latest-posts__post-title\" href=\"https:\/\/www.skarbyduchowe.org\/index.php\/2025\/10\/06\/swieto-sukkot-szalasow\/\">\u015awi\u0119to Sukkot (Sza\u0142as\u00f3w)<\/a><\/li>\n<li><a class=\"wp-block-latest-posts__post-title\" href=\"https:\/\/www.skarbyduchowe.org\/index.php\/2025\/10\/01\/swieto-jom-kipur-dzien-odkupienia\/\">\u015awi\u0119to Jom Kipur (Dzie\u0144 Odkupienia)<\/a><\/li>\n<li><a class=\"wp-block-latest-posts__post-title\" href=\"https:\/\/www.skarbyduchowe.org\/index.php\/2025\/09\/28\/tygodniowy-rozdzial-53-haazinu-sluchaj\/\">Tygodniowy rozdzia\u0142 #53 Haazinu (S\u0142uchaj!)<\/a><\/li>\n<\/ul>\n\n\n<p><\/p>\n","protected":false},"excerpt":{"rendered":"","protected":false},"author":2,"featured_media":0,"parent":0,"menu_order":0,"comment_status":"closed","ping_status":"closed","template":"","meta":{"footnotes":""},"class_list":["post-185","page","type-page","status-publish","hentry"],"_links":{"self":[{"href":"https:\/\/www.skarbyduchowe.org\/index.php\/wp-json\/wp\/v2\/pages\/185","targetHints":{"allow":["GET"]}}],"collection":[{"href":"https:\/\/www.skarbyduchowe.org\/index.php\/wp-json\/wp\/v2\/pages"}],"about":[{"href":"https:\/\/www.skarbyduchowe.org\/index.php\/wp-json\/wp\/v2\/types\/page"}],"author":[{"embeddable":true,"href":"https:\/\/www.skarbyduchowe.org\/index.php\/wp-json\/wp\/v2\/users\/2"}],"replies":[{"embeddable":true,"href":"https:\/\/www.skarbyduchowe.org\/index.php\/wp-json\/wp\/v2\/comments?post=185"}],"version-history":[{"count":4,"href":"https:\/\/www.skarbyduchowe.org\/index.php\/wp-json\/wp\/v2\/pages\/185\/revisions"}],"predecessor-version":[{"id":279,"href":"https:\/\/www.skarbyduchowe.org\/index.php\/wp-json\/wp\/v2\/pages\/185\/revisions\/279"}],"wp:attachment":[{"href":"https:\/\/www.skarbyduchowe.org\/index.php\/wp-json\/wp\/v2\/media?parent=185"}],"curies":[{"name":"wp","href":"https:\/\/api.w.org\/{rel}","templated":true}]}}